{"id":1024,"date":"2020-07-23T15:31:29","date_gmt":"2020-07-23T13:31:29","guid":{"rendered":"http:\/\/protec-in.com\/?product=import-placeholder-for-2600"},"modified":"2020-09-07T15:14:15","modified_gmt":"2020-09-07T13:14:15","slug":"audio-verification-modulemodule-a-ecoute-distance","status":"publish","type":"product","link":"https:\/\/protec-in.com\/?product=audio-verification-modulemodule-a-ecoute-distance","title":{"rendered":"Audio v\u00e9rification module(module \u00e0 \u00e9coute distance)"},"content":{"rendered":"<p>Audio v\u00e9rification module(module \u00e0 \u00e9coute distance)<\/p>\n","protected":false},"excerpt":{"rendered":"<p>Audio v\u00e9rification module(module \u00e0 \u00e9coute distance)<\/p>\n","protected":false},"featured_media":1049,"template":"","meta":[],"product_cat":[78,59,58],"product_tag":[],"_links":{"self":[{"href":"https:\/\/protec-in.com\/index.php?rest_route=\/wp\/v2\/product\/1024"}],"collection":[{"href":"https:\/\/protec-in.com\/index.php?rest_route=\/wp\/v2\/product"}],"about":[{"href":"https:\/\/protec-in.com\/index.php?rest_route=\/wp\/v2\/types\/product"}],"wp:featuredmedia":[{"embeddable":true,"href":"https:\/\/protec-in.com\/index.php?rest_route=\/wp\/v2\/media\/1049"}],"wp:attachment":[{"href":"https:\/\/protec-in.com\/index.php?rest_route=%2Fwp%2Fv2%2Fmedia&parent=1024"}],"wp:term":[{"taxonomy":"product_cat","embeddable":true,"href":"https:\/\/protec-in.com\/index.php?rest_route=%2Fwp%2Fv2%2Fproduct_cat&post=1024"},{"taxonomy":"product_tag","embeddable":true,"href":"https:\/\/protec-in.com\/index.php?rest_route=%2Fwp%2Fv2%2Fproduct_tag&post=1024"}],"curies":[{"name":"wp","href":"https:\/\/api.w.org\/{rel}","templated":true}]}}