{"id":1027,"date":"2020-07-23T15:31:30","date_gmt":"2020-07-23T13:31:30","guid":{"rendered":"http:\/\/protec-in.com\/?product=import-placeholder-for-2604"},"modified":"2020-09-07T15:13:51","modified_gmt":"2020-09-07T13:13:51","slug":"bouton-panique-plastique-avec-reset-a-clef-metallique","status":"publish","type":"product","link":"https:\/\/protec-in.com\/?product=bouton-panique-plastique-avec-reset-a-clef-metallique","title":{"rendered":"Bouton panique plastique avec Reset \u00e0 clef m\u00e9tallique"},"content":{"rendered":"<p>Bouton panique plastique avec Reset \u00e0 clef m\u00e9tallique<\/p>\n","protected":false},"excerpt":{"rendered":"<p>Bouton panique plastique avec Reset \u00e0 clef m\u00e9tallique<\/p>\n","protected":false},"featured_media":1052,"template":"","meta":[],"product_cat":[61,59,58],"product_tag":[],"_links":{"self":[{"href":"https:\/\/protec-in.com\/index.php?rest_route=\/wp\/v2\/product\/1027"}],"collection":[{"href":"https:\/\/protec-in.com\/index.php?rest_route=\/wp\/v2\/product"}],"about":[{"href":"https:\/\/protec-in.com\/index.php?rest_route=\/wp\/v2\/types\/product"}],"wp:featuredmedia":[{"embeddable":true,"href":"https:\/\/protec-in.com\/index.php?rest_route=\/wp\/v2\/media\/1052"}],"wp:attachment":[{"href":"https:\/\/protec-in.com\/index.php?rest_route=%2Fwp%2Fv2%2Fmedia&parent=1027"}],"wp:term":[{"taxonomy":"product_cat","embeddable":true,"href":"https:\/\/protec-in.com\/index.php?rest_route=%2Fwp%2Fv2%2Fproduct_cat&post=1027"},{"taxonomy":"product_tag","embeddable":true,"href":"https:\/\/protec-in.com\/index.php?rest_route=%2Fwp%2Fv2%2Fproduct_tag&post=1027"}],"curies":[{"name":"wp","href":"https:\/\/api.w.org\/{rel}","templated":true}]}}