{"id":1032,"date":"2020-07-23T15:31:31","date_gmt":"2020-07-23T13:31:31","guid":{"rendered":"http:\/\/protec-in.com\/?product=import-placeholder-for-2611"},"modified":"2020-09-07T15:11:47","modified_gmt":"2020-09-07T13:11:47","slug":"centrale-8-zones-extensible-a-88-coffret-metallique-08-partitions","status":"publish","type":"product","link":"https:\/\/protec-in.com\/?product=centrale-8-zones-extensible-a-88-coffret-metallique-08-partitions","title":{"rendered":"Centrale 8 zones extensible \u00e0 88, coffret m\u00e9tallique, 08 partitions"},"content":{"rendered":"<p>Centrale 8 zones extensible \u00e0 88, coffret m\u00e9tallique, 08 partitions<\/p>\n","protected":false},"excerpt":{"rendered":"<p>Centrale 8 zones extensible \u00e0 88, coffret m\u00e9tallique, 08 partitions<\/p>\n","protected":false},"featured_media":1054,"template":"","meta":[],"product_cat":[78,59,58,60],"product_tag":[],"_links":{"self":[{"href":"https:\/\/protec-in.com\/index.php?rest_route=\/wp\/v2\/product\/1032"}],"collection":[{"href":"https:\/\/protec-in.com\/index.php?rest_route=\/wp\/v2\/product"}],"about":[{"href":"https:\/\/protec-in.com\/index.php?rest_route=\/wp\/v2\/types\/product"}],"wp:featuredmedia":[{"embeddable":true,"href":"https:\/\/protec-in.com\/index.php?rest_route=\/wp\/v2\/media\/1054"}],"wp:attachment":[{"href":"https:\/\/protec-in.com\/index.php?rest_route=%2Fwp%2Fv2%2Fmedia&parent=1032"}],"wp:term":[{"taxonomy":"product_cat","embeddable":true,"href":"https:\/\/protec-in.com\/index.php?rest_route=%2Fwp%2Fv2%2Fproduct_cat&post=1032"},{"taxonomy":"product_tag","embeddable":true,"href":"https:\/\/protec-in.com\/index.php?rest_route=%2Fwp%2Fv2%2Fproduct_tag&post=1032"}],"curies":[{"name":"wp","href":"https:\/\/api.w.org\/{rel}","templated":true}]}}