{"id":1034,"date":"2020-07-23T15:31:31","date_gmt":"2020-07-23T13:31:31","guid":{"rendered":"http:\/\/protec-in.com\/?product=import-placeholder-for-2613"},"modified":"2020-09-07T15:11:14","modified_gmt":"2020-09-07T13:11:14","slug":"centrale-8-zones-clavier-deporte-led-coffret-plastique-polycarbonate","status":"publish","type":"product","link":"https:\/\/protec-in.com\/?product=centrale-8-zones-clavier-deporte-led-coffret-plastique-polycarbonate","title":{"rendered":"Centrale 8 zones clavier d\u00e9port\u00e9 LED, coffret plastique polycarbonate"},"content":{"rendered":"<p>Centrale 8 zones clavier d\u00e9port\u00e9 LED, coffret plastique polycarbonate<\/p>\n","protected":false},"excerpt":{"rendered":"<p>Centrale 8 zones clavier d\u00e9port\u00e9 LED, coffret plastique polycarbonate<\/p>\n","protected":false},"featured_media":1056,"template":"","meta":[],"product_cat":[78,59,58,64],"product_tag":[],"_links":{"self":[{"href":"https:\/\/protec-in.com\/index.php?rest_route=\/wp\/v2\/product\/1034"}],"collection":[{"href":"https:\/\/protec-in.com\/index.php?rest_route=\/wp\/v2\/product"}],"about":[{"href":"https:\/\/protec-in.com\/index.php?rest_route=\/wp\/v2\/types\/product"}],"wp:featuredmedia":[{"embeddable":true,"href":"https:\/\/protec-in.com\/index.php?rest_route=\/wp\/v2\/media\/1056"}],"wp:attachment":[{"href":"https:\/\/protec-in.com\/index.php?rest_route=%2Fwp%2Fv2%2Fmedia&parent=1034"}],"wp:term":[{"taxonomy":"product_cat","embeddable":true,"href":"https:\/\/protec-in.com\/index.php?rest_route=%2Fwp%2Fv2%2Fproduct_cat&post=1034"},{"taxonomy":"product_tag","embeddable":true,"href":"https:\/\/protec-in.com\/index.php?rest_route=%2Fwp%2Fv2%2Fproduct_tag&post=1034"}],"curies":[{"name":"wp","href":"https:\/\/api.w.org\/{rel}","templated":true}]}}