{"id":1037,"date":"2020-07-23T15:31:32","date_gmt":"2020-07-23T13:31:32","guid":{"rendered":"http:\/\/protec-in.com\/?product=import-placeholder-for-2616"},"modified":"2020-09-07T15:06:06","modified_gmt":"2020-09-07T13:06:06","slug":"clavier-deporte-a-ecran-lcd-pour-centrale-veritas-r8-plus","status":"publish","type":"product","link":"https:\/\/protec-in.com\/?product=clavier-deporte-a-ecran-lcd-pour-centrale-veritas-r8-plus","title":{"rendered":"Clavier d\u00e9port\u00e9 \u00e0 Ecran LCD pour centrale Veritas R8 PLUS"},"content":{"rendered":"<p>Clavier d\u00e9port\u00e9 \u00e0 Ecran LCD pour centrale Veritas R8 PLUS<\/p>\n","protected":false},"excerpt":{"rendered":"<p>Clavier d\u00e9port\u00e9 \u00e0 Ecran LCD pour centrale Veritas R8 PLUS<\/p>\n","protected":false},"featured_media":1059,"template":"","meta":[],"product_cat":[78,59,58,64],"product_tag":[],"_links":{"self":[{"href":"https:\/\/protec-in.com\/index.php?rest_route=\/wp\/v2\/product\/1037"}],"collection":[{"href":"https:\/\/protec-in.com\/index.php?rest_route=\/wp\/v2\/product"}],"about":[{"href":"https:\/\/protec-in.com\/index.php?rest_route=\/wp\/v2\/types\/product"}],"wp:featuredmedia":[{"embeddable":true,"href":"https:\/\/protec-in.com\/index.php?rest_route=\/wp\/v2\/media\/1059"}],"wp:attachment":[{"href":"https:\/\/protec-in.com\/index.php?rest_route=%2Fwp%2Fv2%2Fmedia&parent=1037"}],"wp:term":[{"taxonomy":"product_cat","embeddable":true,"href":"https:\/\/protec-in.com\/index.php?rest_route=%2Fwp%2Fv2%2Fproduct_cat&post=1037"},{"taxonomy":"product_tag","embeddable":true,"href":"https:\/\/protec-in.com\/index.php?rest_route=%2Fwp%2Fv2%2Fproduct_tag&post=1037"}],"curies":[{"name":"wp","href":"https:\/\/api.w.org\/{rel}","templated":true}]}}