{"id":1046,"date":"2020-07-23T15:31:32","date_gmt":"2020-07-23T13:31:32","guid":{"rendered":"http:\/\/protec-in.com\/?product=import-placeholder-for-2625"},"modified":"2020-09-07T14:59:35","modified_gmt":"2020-09-07T12:59:35","slug":"detecteur-de-fumee-combine-optique-et-chaleur-atex-avec-base","status":"publish","type":"product","link":"https:\/\/protec-in.com\/?product=detecteur-de-fumee-combine-optique-et-chaleur-atex-avec-base","title":{"rendered":"D\u00e9tecteur de fum\u00e9e combin\u00e9 OPTIQUE et CHALEUR ATEX avec base"},"content":{"rendered":"<p>D\u00e9tecteur de fum\u00e9e combin\u00e9 OPTIQUE et CHALEUR ATEX avec base<\/p>\n","protected":false},"excerpt":{"rendered":"<p>D\u00e9tecteur de fum\u00e9e combin\u00e9 OPTIQUE et CHALEUR ATEX avec base<\/p>\n","protected":false},"featured_media":1067,"template":"","meta":[],"product_cat":[79,67,70,33],"product_tag":[],"_links":{"self":[{"href":"https:\/\/protec-in.com\/index.php?rest_route=\/wp\/v2\/product\/1046"}],"collection":[{"href":"https:\/\/protec-in.com\/index.php?rest_route=\/wp\/v2\/product"}],"about":[{"href":"https:\/\/protec-in.com\/index.php?rest_route=\/wp\/v2\/types\/product"}],"wp:featuredmedia":[{"embeddable":true,"href":"https:\/\/protec-in.com\/index.php?rest_route=\/wp\/v2\/media\/1067"}],"wp:attachment":[{"href":"https:\/\/protec-in.com\/index.php?rest_route=%2Fwp%2Fv2%2Fmedia&parent=1046"}],"wp:term":[{"taxonomy":"product_cat","embeddable":true,"href":"https:\/\/protec-in.com\/index.php?rest_route=%2Fwp%2Fv2%2Fproduct_cat&post=1046"},{"taxonomy":"product_tag","embeddable":true,"href":"https:\/\/protec-in.com\/index.php?rest_route=%2Fwp%2Fv2%2Fproduct_tag&post=1046"}],"curies":[{"name":"wp","href":"https:\/\/api.w.org\/{rel}","templated":true}]}}