{"id":1197,"date":"2020-08-25T14:46:27","date_gmt":"2020-08-25T12:46:27","guid":{"rendered":"http:\/\/protec-in.com\/?post_type=product&#038;p=1197"},"modified":"2020-08-25T14:46:37","modified_gmt":"2020-08-25T12:46:37","slug":"centrale-atrium","status":"publish","type":"product","link":"https:\/\/protec-in.com\/?product=centrale-atrium","title":{"rendered":"Centrale ATRIUM"},"content":{"rendered":"<p>Centrale ATRIUM pour la gestion 2 acc\u00e8s, int\u00e9gration serrures APERIO, Contr\u00f4leur Atrium pour la gestion des portes Aperio, Pour la gestion jusqu&rsquo;a 10 portes, 1 hub peut g\u00e9rer 6 verrous Aperio, Avec l&rsquo;interface Web<\/p>\n","protected":false},"excerpt":{"rendered":"<p>Centrale ATRIUM pour la gestion 2 acc\u00e8s, int\u00e9gration serrures APERIO, Contr\u00f4leur Atrium pour la gestion des portes Aperio, Pour la gestion jusqu&rsquo;a 10 portes, 1 hub peut g\u00e9rer 6 verrous Aperio, Avec l&rsquo;interface Web<\/p>\n","protected":false},"featured_media":1198,"template":"","meta":[],"product_cat":[62,34],"product_tag":[],"_links":{"self":[{"href":"https:\/\/protec-in.com\/index.php?rest_route=\/wp\/v2\/product\/1197"}],"collection":[{"href":"https:\/\/protec-in.com\/index.php?rest_route=\/wp\/v2\/product"}],"about":[{"href":"https:\/\/protec-in.com\/index.php?rest_route=\/wp\/v2\/types\/product"}],"wp:featuredmedia":[{"embeddable":true,"href":"https:\/\/protec-in.com\/index.php?rest_route=\/wp\/v2\/media\/1198"}],"wp:attachment":[{"href":"https:\/\/protec-in.com\/index.php?rest_route=%2Fwp%2Fv2%2Fmedia&parent=1197"}],"wp:term":[{"taxonomy":"product_cat","embeddable":true,"href":"https:\/\/protec-in.com\/index.php?rest_route=%2Fwp%2Fv2%2Fproduct_cat&post=1197"},{"taxonomy":"product_tag","embeddable":true,"href":"https:\/\/protec-in.com\/index.php?rest_route=%2Fwp%2Fv2%2Fproduct_tag&post=1197"}],"curies":[{"name":"wp","href":"https:\/\/api.w.org\/{rel}","templated":true}]}}