{"id":1211,"date":"2020-08-25T15:17:37","date_gmt":"2020-08-25T13:17:37","guid":{"rendered":"http:\/\/protec-in.com\/?post_type=product&#038;p=1211"},"modified":"2020-08-25T15:17:59","modified_gmt":"2020-08-25T13:17:59","slug":"module-de-verrouillage-pour-ctv900atr","status":"publish","type":"product","link":"https:\/\/protec-in.com\/?product=module-de-verrouillage-pour-ctv900atr","title":{"rendered":"Module de verrouillage pour CTV900ATR"},"content":{"rendered":"<p>Module de verrouillage pour CTV900ATR, Facilite l&rsquo;installation de porte \u00e0 double verrous (2 serrures \u00e9lectromagn\u00e9tiques ou une serrure \u00e9lectromagn\u00e9tique et une g\u00e2che \u00e9lectrique).2 relais de verrouillage de forme &lsquo;C&rsquo; (de 5A\/12 V DC, NO\/NF).2 LEDs de statut des relais.Se connecte directement aux borniers du CTV900A.Contacts alarme incendie. D\u00e9verrouillage imm\u00e9diat des portes.<\/p>\n","protected":false},"excerpt":{"rendered":"<p>Module de verrouillage pour CTV900ATR, Facilite l&rsquo;installation de porte \u00e0 double verrous (2 serrures \u00e9lectromagn\u00e9tiques ou une serrure \u00e9lectromagn\u00e9tique et une g\u00e2che \u00e9lectrique).2 relais de verrouillage de forme &lsquo;C&rsquo; (de 5A\/12 V DC, NO\/NF).2 LEDs de statut des relais.Se connecte directement aux borniers du CTV900A.Contacts alarme incendie. D\u00e9verrouillage imm\u00e9diat des portes.<\/p>\n","protected":false},"featured_media":1212,"template":"","meta":[],"product_cat":[80,34,81],"product_tag":[],"_links":{"self":[{"href":"https:\/\/protec-in.com\/index.php?rest_route=\/wp\/v2\/product\/1211"}],"collection":[{"href":"https:\/\/protec-in.com\/index.php?rest_route=\/wp\/v2\/product"}],"about":[{"href":"https:\/\/protec-in.com\/index.php?rest_route=\/wp\/v2\/types\/product"}],"wp:featuredmedia":[{"embeddable":true,"href":"https:\/\/protec-in.com\/index.php?rest_route=\/wp\/v2\/media\/1212"}],"wp:attachment":[{"href":"https:\/\/protec-in.com\/index.php?rest_route=%2Fwp%2Fv2%2Fmedia&parent=1211"}],"wp:term":[{"taxonomy":"product_cat","embeddable":true,"href":"https:\/\/protec-in.com\/index.php?rest_route=%2Fwp%2Fv2%2Fproduct_cat&post=1211"},{"taxonomy":"product_tag","embeddable":true,"href":"https:\/\/protec-in.com\/index.php?rest_route=%2Fwp%2Fv2%2Fproduct_tag&post=1211"}],"curies":[{"name":"wp","href":"https:\/\/api.w.org\/{rel}","templated":true}]}}