{"id":1284,"date":"2020-09-07T15:18:59","date_gmt":"2020-09-07T13:18:59","guid":{"rendered":"http:\/\/protec-in.com\/?post_type=product&#038;p=1284"},"modified":"2020-09-07T15:22:53","modified_gmt":"2020-09-07T13:22:53","slug":"accesoires-cablage-2","status":"publish","type":"product","link":"https:\/\/protec-in.com\/?product=accesoires-cablage-2","title":{"rendered":"Acc\u00e9soires C\u00e2blage"},"content":{"rendered":"<p>Bo\u00eete de jonction 8 voies muni d\u2019un contact d\u2019autoprotection.<\/p>\n","protected":false},"excerpt":{"rendered":"<p>Bo\u00eete de jonction 8 voies muni d\u2019un contact d\u2019autoprotection.<\/p>\n","protected":false},"featured_media":1285,"template":"","meta":[],"product_cat":[38],"product_tag":[],"_links":{"self":[{"href":"https:\/\/protec-in.com\/index.php?rest_route=\/wp\/v2\/product\/1284"}],"collection":[{"href":"https:\/\/protec-in.com\/index.php?rest_route=\/wp\/v2\/product"}],"about":[{"href":"https:\/\/protec-in.com\/index.php?rest_route=\/wp\/v2\/types\/product"}],"wp:featuredmedia":[{"embeddable":true,"href":"https:\/\/protec-in.com\/index.php?rest_route=\/wp\/v2\/media\/1285"}],"wp:attachment":[{"href":"https:\/\/protec-in.com\/index.php?rest_route=%2Fwp%2Fv2%2Fmedia&parent=1284"}],"wp:term":[{"taxonomy":"product_cat","embeddable":true,"href":"https:\/\/protec-in.com\/index.php?rest_route=%2Fwp%2Fv2%2Fproduct_cat&post=1284"},{"taxonomy":"product_tag","embeddable":true,"href":"https:\/\/protec-in.com\/index.php?rest_route=%2Fwp%2Fv2%2Fproduct_tag&post=1284"}],"curies":[{"name":"wp","href":"https:\/\/api.w.org\/{rel}","templated":true}]}}