{"id":1286,"date":"2020-09-07T15:20:01","date_gmt":"2020-09-07T13:20:01","guid":{"rendered":"http:\/\/protec-in.com\/?post_type=product&#038;p=1286"},"modified":"2020-09-07T15:22:45","modified_gmt":"2020-09-07T13:22:45","slug":"accesoires-cablage-3","status":"publish","type":"product","link":"https:\/\/protec-in.com\/?product=accesoires-cablage-3","title":{"rendered":"Acc\u00e9soires C\u00e2blage"},"content":{"rendered":"<p>Bo\u00eete de jonction 24 voies muni d\u2019un contact d\u2019autoprotection.<\/p>\n","protected":false},"excerpt":{"rendered":"<p>Bo\u00eete de jonction 24 voies muni d\u2019un contact d\u2019autoprotection.<\/p>\n","protected":false},"featured_media":1287,"template":"","meta":[],"product_cat":[38],"product_tag":[],"_links":{"self":[{"href":"https:\/\/protec-in.com\/index.php?rest_route=\/wp\/v2\/product\/1286"}],"collection":[{"href":"https:\/\/protec-in.com\/index.php?rest_route=\/wp\/v2\/product"}],"about":[{"href":"https:\/\/protec-in.com\/index.php?rest_route=\/wp\/v2\/types\/product"}],"wp:featuredmedia":[{"embeddable":true,"href":"https:\/\/protec-in.com\/index.php?rest_route=\/wp\/v2\/media\/1287"}],"wp:attachment":[{"href":"https:\/\/protec-in.com\/index.php?rest_route=%2Fwp%2Fv2%2Fmedia&parent=1286"}],"wp:term":[{"taxonomy":"product_cat","embeddable":true,"href":"https:\/\/protec-in.com\/index.php?rest_route=%2Fwp%2Fv2%2Fproduct_cat&post=1286"},{"taxonomy":"product_tag","embeddable":true,"href":"https:\/\/protec-in.com\/index.php?rest_route=%2Fwp%2Fv2%2Fproduct_tag&post=1286"}],"curies":[{"name":"wp","href":"https:\/\/api.w.org\/{rel}","templated":true}]}}