{"id":1291,"date":"2020-09-07T15:30:40","date_gmt":"2020-09-07T13:30:40","guid":{"rendered":"http:\/\/protec-in.com\/?post_type=product&#038;p=1291"},"modified":"2020-09-07T15:30:40","modified_gmt":"2020-09-07T13:30:40","slug":"accesoires-cablage-5","status":"publish","type":"product","link":"https:\/\/protec-in.com\/?product=accesoires-cablage-5","title":{"rendered":"Acc\u00e9soires C\u00e2blage"},"content":{"rendered":"<p>boucle de porte c\u00e2ble 3 paires Longueur 250mm \u00e9tendant \u00e0 1000m couleur blanc<\/p>\n","protected":false},"excerpt":{"rendered":"<p>boucle de porte c\u00e2ble 3 paires Longueur 250mm \u00e9tendant \u00e0 1000m couleur blanc<\/p>\n","protected":false},"featured_media":1292,"template":"","meta":[],"product_cat":[38],"product_tag":[],"_links":{"self":[{"href":"https:\/\/protec-in.com\/index.php?rest_route=\/wp\/v2\/product\/1291"}],"collection":[{"href":"https:\/\/protec-in.com\/index.php?rest_route=\/wp\/v2\/product"}],"about":[{"href":"https:\/\/protec-in.com\/index.php?rest_route=\/wp\/v2\/types\/product"}],"wp:featuredmedia":[{"embeddable":true,"href":"https:\/\/protec-in.com\/index.php?rest_route=\/wp\/v2\/media\/1292"}],"wp:attachment":[{"href":"https:\/\/protec-in.com\/index.php?rest_route=%2Fwp%2Fv2%2Fmedia&parent=1291"}],"wp:term":[{"taxonomy":"product_cat","embeddable":true,"href":"https:\/\/protec-in.com\/index.php?rest_route=%2Fwp%2Fv2%2Fproduct_cat&post=1291"},{"taxonomy":"product_tag","embeddable":true,"href":"https:\/\/protec-in.com\/index.php?rest_route=%2Fwp%2Fv2%2Fproduct_tag&post=1291"}],"curies":[{"name":"wp","href":"https:\/\/api.w.org\/{rel}","templated":true}]}}