{"id":1293,"date":"2020-09-07T15:32:06","date_gmt":"2020-09-07T13:32:06","guid":{"rendered":"http:\/\/protec-in.com\/?post_type=product&#038;p=1293"},"modified":"2020-09-07T15:41:26","modified_gmt":"2020-09-07T13:41:26","slug":"accesoires-cablage-6","status":"publish","type":"product","link":"https:\/\/protec-in.com\/?product=accesoires-cablage-6","title":{"rendered":"Acc\u00e9soires C\u00e2blage"},"content":{"rendered":"<p>boucle de porte 500mm blind\u00e9e flexi tube embouts (pas de c\u00e2ble)<\/p>\n","protected":false},"excerpt":{"rendered":"<p>boucle de porte 500mm blind\u00e9e flexi tube embouts (pas de c\u00e2ble)<\/p>\n","protected":false},"featured_media":1304,"template":"","meta":[],"product_cat":[38],"product_tag":[],"_links":{"self":[{"href":"https:\/\/protec-in.com\/index.php?rest_route=\/wp\/v2\/product\/1293"}],"collection":[{"href":"https:\/\/protec-in.com\/index.php?rest_route=\/wp\/v2\/product"}],"about":[{"href":"https:\/\/protec-in.com\/index.php?rest_route=\/wp\/v2\/types\/product"}],"wp:featuredmedia":[{"embeddable":true,"href":"https:\/\/protec-in.com\/index.php?rest_route=\/wp\/v2\/media\/1304"}],"wp:attachment":[{"href":"https:\/\/protec-in.com\/index.php?rest_route=%2Fwp%2Fv2%2Fmedia&parent=1293"}],"wp:term":[{"taxonomy":"product_cat","embeddable":true,"href":"https:\/\/protec-in.com\/index.php?rest_route=%2Fwp%2Fv2%2Fproduct_cat&post=1293"},{"taxonomy":"product_tag","embeddable":true,"href":"https:\/\/protec-in.com\/index.php?rest_route=%2Fwp%2Fv2%2Fproduct_tag&post=1293"}],"curies":[{"name":"wp","href":"https:\/\/api.w.org\/{rel}","templated":true}]}}