{"id":1323,"date":"2020-09-07T15:59:18","date_gmt":"2020-09-07T13:59:18","guid":{"rendered":"http:\/\/protec-in.com\/?post_type=product&#038;p=1323"},"modified":"2020-09-07T15:59:18","modified_gmt":"2020-09-07T13:59:18","slug":"cable-incendie-2-x-150mm","status":"publish","type":"product","link":"https:\/\/protec-in.com\/?product=cable-incendie-2-x-150mm","title":{"rendered":"C\u00e2ble Incendie 2 x 1,50MM"},"content":{"rendered":"<p>C\u00e2ble Incendie 2 x 1,50MM Touret de 500 m\u00e8tres Couleur Rouge<\/p>\n","protected":false},"excerpt":{"rendered":"<p>C\u00e2ble Incendie 2 x 1,50MM Touret de 500 m\u00e8tres Couleur Rouge<\/p>\n","protected":false},"featured_media":1319,"template":"","meta":[],"product_cat":[38],"product_tag":[],"_links":{"self":[{"href":"https:\/\/protec-in.com\/index.php?rest_route=\/wp\/v2\/product\/1323"}],"collection":[{"href":"https:\/\/protec-in.com\/index.php?rest_route=\/wp\/v2\/product"}],"about":[{"href":"https:\/\/protec-in.com\/index.php?rest_route=\/wp\/v2\/types\/product"}],"wp:featuredmedia":[{"embeddable":true,"href":"https:\/\/protec-in.com\/index.php?rest_route=\/wp\/v2\/media\/1319"}],"wp:attachment":[{"href":"https:\/\/protec-in.com\/index.php?rest_route=%2Fwp%2Fv2%2Fmedia&parent=1323"}],"wp:term":[{"taxonomy":"product_cat","embeddable":true,"href":"https:\/\/protec-in.com\/index.php?rest_route=%2Fwp%2Fv2%2Fproduct_cat&post=1323"},{"taxonomy":"product_tag","embeddable":true,"href":"https:\/\/protec-in.com\/index.php?rest_route=%2Fwp%2Fv2%2Fproduct_tag&post=1323"}],"curies":[{"name":"wp","href":"https:\/\/api.w.org\/{rel}","templated":true}]}}