{"id":1330,"date":"2020-09-07T16:18:31","date_gmt":"2020-09-07T14:18:31","guid":{"rendered":"http:\/\/protec-in.com\/?post_type=product&#038;p=1330"},"modified":"2020-09-07T16:18:36","modified_gmt":"2020-09-07T14:18:36","slug":"cable-videosurveillance-rg59","status":"publish","type":"product","link":"https:\/\/protec-in.com\/?product=cable-videosurveillance-rg59","title":{"rendered":"c\u00e2ble vid\u00e9osurveillance RG59"},"content":{"rendered":"<pre class=\"product_title entry-title\">c\u00e2ble vid\u00e9osurveillance RG59 en touret de 500 m\u00e8tres<\/pre>\n","protected":false},"excerpt":{"rendered":"<p>c\u00e2ble vid\u00e9osurveillance RG59 en touret de 500 m\u00e8tres<\/p>\n","protected":false},"featured_media":1331,"template":"","meta":[],"product_cat":[38],"product_tag":[],"_links":{"self":[{"href":"https:\/\/protec-in.com\/index.php?rest_route=\/wp\/v2\/product\/1330"}],"collection":[{"href":"https:\/\/protec-in.com\/index.php?rest_route=\/wp\/v2\/product"}],"about":[{"href":"https:\/\/protec-in.com\/index.php?rest_route=\/wp\/v2\/types\/product"}],"wp:featuredmedia":[{"embeddable":true,"href":"https:\/\/protec-in.com\/index.php?rest_route=\/wp\/v2\/media\/1331"}],"wp:attachment":[{"href":"https:\/\/protec-in.com\/index.php?rest_route=%2Fwp%2Fv2%2Fmedia&parent=1330"}],"wp:term":[{"taxonomy":"product_cat","embeddable":true,"href":"https:\/\/protec-in.com\/index.php?rest_route=%2Fwp%2Fv2%2Fproduct_cat&post=1330"},{"taxonomy":"product_tag","embeddable":true,"href":"https:\/\/protec-in.com\/index.php?rest_route=%2Fwp%2Fv2%2Fproduct_tag&post=1330"}],"curies":[{"name":"wp","href":"https:\/\/api.w.org\/{rel}","templated":true}]}}