{"id":1333,"date":"2020-09-07T16:19:43","date_gmt":"2020-09-07T14:19:43","guid":{"rendered":"http:\/\/protec-in.com\/?post_type=product&#038;p=1333"},"modified":"2020-09-07T16:19:43","modified_gmt":"2020-09-07T14:19:43","slug":"cable-videosurveillance-rg59-2","status":"publish","type":"product","link":"https:\/\/protec-in.com\/?product=cable-videosurveillance-rg59-2","title":{"rendered":"c\u00e2ble vid\u00e9osurveillance RG59"},"content":{"rendered":"","protected":false},"excerpt":{"rendered":"<p>en touret de 305 m\u00e8tre<\/p>\n","protected":false},"featured_media":1334,"template":"","meta":[],"product_cat":[38],"product_tag":[],"_links":{"self":[{"href":"https:\/\/protec-in.com\/index.php?rest_route=\/wp\/v2\/product\/1333"}],"collection":[{"href":"https:\/\/protec-in.com\/index.php?rest_route=\/wp\/v2\/product"}],"about":[{"href":"https:\/\/protec-in.com\/index.php?rest_route=\/wp\/v2\/types\/product"}],"wp:featuredmedia":[{"embeddable":true,"href":"https:\/\/protec-in.com\/index.php?rest_route=\/wp\/v2\/media\/1334"}],"wp:attachment":[{"href":"https:\/\/protec-in.com\/index.php?rest_route=%2Fwp%2Fv2%2Fmedia&parent=1333"}],"wp:term":[{"taxonomy":"product_cat","embeddable":true,"href":"https:\/\/protec-in.com\/index.php?rest_route=%2Fwp%2Fv2%2Fproduct_cat&post=1333"},{"taxonomy":"product_tag","embeddable":true,"href":"https:\/\/protec-in.com\/index.php?rest_route=%2Fwp%2Fv2%2Fproduct_tag&post=1333"}],"curies":[{"name":"wp","href":"https:\/\/api.w.org\/{rel}","templated":true}]}}