{"id":1367,"date":"2020-09-07T16:51:07","date_gmt":"2020-09-07T14:51:07","guid":{"rendered":"http:\/\/protec-in.com\/?post_type=product&#038;p=1367"},"modified":"2020-09-07T16:51:07","modified_gmt":"2020-09-07T14:51:07","slug":"sirene-dalarme","status":"publish","type":"product","link":"https:\/\/protec-in.com\/?product=sirene-dalarme","title":{"rendered":"Sir\u00e9ne d\u2019alarme"},"content":{"rendered":"<p>Sir\u00e8ne d\u2019ext\u00e9rieur avec batterie int\u00e9gr\u00e9e et flash bo\u00eetier Abs 115dB ODYSSEY TRIANGULAIRE<\/p>\n","protected":false},"excerpt":{"rendered":"<p>Sir\u00e8ne d\u2019ext\u00e9rieur avec batterie int\u00e9gr\u00e9e et flash bo\u00eetier Abs 115dB ODYSSEY TRIANGULAIRE<\/p>\n","protected":false},"featured_media":1362,"template":"","meta":[],"product_cat":[58],"product_tag":[],"_links":{"self":[{"href":"https:\/\/protec-in.com\/index.php?rest_route=\/wp\/v2\/product\/1367"}],"collection":[{"href":"https:\/\/protec-in.com\/index.php?rest_route=\/wp\/v2\/product"}],"about":[{"href":"https:\/\/protec-in.com\/index.php?rest_route=\/wp\/v2\/types\/product"}],"wp:featuredmedia":[{"embeddable":true,"href":"https:\/\/protec-in.com\/index.php?rest_route=\/wp\/v2\/media\/1362"}],"wp:attachment":[{"href":"https:\/\/protec-in.com\/index.php?rest_route=%2Fwp%2Fv2%2Fmedia&parent=1367"}],"wp:term":[{"taxonomy":"product_cat","embeddable":true,"href":"https:\/\/protec-in.com\/index.php?rest_route=%2Fwp%2Fv2%2Fproduct_cat&post=1367"},{"taxonomy":"product_tag","embeddable":true,"href":"https:\/\/protec-in.com\/index.php?rest_route=%2Fwp%2Fv2%2Fproduct_tag&post=1367"}],"curies":[{"name":"wp","href":"https:\/\/api.w.org\/{rel}","templated":true}]}}