{"id":1376,"date":"2020-09-07T16:58:02","date_gmt":"2020-09-07T14:58:02","guid":{"rendered":"http:\/\/protec-in.com\/?post_type=product&#038;p=1376"},"modified":"2020-09-07T16:58:02","modified_gmt":"2020-09-07T14:58:02","slug":"logiciel-de-gestion-des-centrales-premier-et-premier-international","status":"publish","type":"product","link":"https:\/\/protec-in.com\/?product=logiciel-de-gestion-des-centrales-premier-et-premier-international","title":{"rendered":"Logiciel de gestion des centrales Premier et Premier International"},"content":{"rendered":"<p>Logiciel de gestion des centrales Premier et Premier International par Ordinateur Localement (Port S\u00e9rie ou USB) ou \u00e0 distance (\u00e0 travers le r\u00e9seau t\u00e9l\u00e9phonique)<\/p>\n","protected":false},"excerpt":{"rendered":"<p>par Ordinateur Localement (Port S\u00e9rie ou USB) ou \u00e0 distance (\u00e0 travers le r\u00e9seau t\u00e9l\u00e9phonique)<\/p>\n","protected":false},"featured_media":1377,"template":"","meta":[],"product_cat":[58],"product_tag":[],"_links":{"self":[{"href":"https:\/\/protec-in.com\/index.php?rest_route=\/wp\/v2\/product\/1376"}],"collection":[{"href":"https:\/\/protec-in.com\/index.php?rest_route=\/wp\/v2\/product"}],"about":[{"href":"https:\/\/protec-in.com\/index.php?rest_route=\/wp\/v2\/types\/product"}],"wp:featuredmedia":[{"embeddable":true,"href":"https:\/\/protec-in.com\/index.php?rest_route=\/wp\/v2\/media\/1377"}],"wp:attachment":[{"href":"https:\/\/protec-in.com\/index.php?rest_route=%2Fwp%2Fv2%2Fmedia&parent=1376"}],"wp:term":[{"taxonomy":"product_cat","embeddable":true,"href":"https:\/\/protec-in.com\/index.php?rest_route=%2Fwp%2Fv2%2Fproduct_cat&post=1376"},{"taxonomy":"product_tag","embeddable":true,"href":"https:\/\/protec-in.com\/index.php?rest_route=%2Fwp%2Fv2%2Fproduct_tag&post=1376"}],"curies":[{"name":"wp","href":"https:\/\/api.w.org\/{rel}","templated":true}]}}