{"id":1495,"date":"2020-09-08T15:19:41","date_gmt":"2020-09-08T13:19:41","guid":{"rendered":"http:\/\/protec-in.com\/?post_type=product&#038;p=1495"},"modified":"2020-09-08T15:19:42","modified_gmt":"2020-09-08T13:19:42","slug":"avertisseur-2","status":"publish","type":"product","link":"https:\/\/protec-in.com\/?product=avertisseur-2","title":{"rendered":"Avertisseur"},"content":{"rendered":"","protected":false},"excerpt":{"rendered":"<p>Sir\u00e8ne 24 Volt Multi tons 105 dB \u00e0 1 m\u00e9tre avec base \u00e9tanche<\/p>\n","protected":false},"featured_media":1496,"template":"","meta":[],"product_cat":[67,33],"product_tag":[],"_links":{"self":[{"href":"https:\/\/protec-in.com\/index.php?rest_route=\/wp\/v2\/product\/1495"}],"collection":[{"href":"https:\/\/protec-in.com\/index.php?rest_route=\/wp\/v2\/product"}],"about":[{"href":"https:\/\/protec-in.com\/index.php?rest_route=\/wp\/v2\/types\/product"}],"wp:featuredmedia":[{"embeddable":true,"href":"https:\/\/protec-in.com\/index.php?rest_route=\/wp\/v2\/media\/1496"}],"wp:attachment":[{"href":"https:\/\/protec-in.com\/index.php?rest_route=%2Fwp%2Fv2%2Fmedia&parent=1495"}],"wp:term":[{"taxonomy":"product_cat","embeddable":true,"href":"https:\/\/protec-in.com\/index.php?rest_route=%2Fwp%2Fv2%2Fproduct_cat&post=1495"},{"taxonomy":"product_tag","embeddable":true,"href":"https:\/\/protec-in.com\/index.php?rest_route=%2Fwp%2Fv2%2Fproduct_tag&post=1495"}],"curies":[{"name":"wp","href":"https:\/\/api.w.org\/{rel}","templated":true}]}}