{"id":1497,"date":"2020-09-08T15:21:40","date_gmt":"2020-09-08T13:21:40","guid":{"rendered":"http:\/\/protec-in.com\/?post_type=product&#038;p=1497"},"modified":"2020-09-08T15:21:40","modified_gmt":"2020-09-08T13:21:40","slug":"avertisseur-3","status":"publish","type":"product","link":"https:\/\/protec-in.com\/?product=avertisseur-3","title":{"rendered":"Avertisseur"},"content":{"rendered":"","protected":false},"excerpt":{"rendered":"<p>Sir\u00e8ne 24 volt muni d\u2019un flash 101 dB \u00e0 1 m\u00e9tre avec base \u00e9tanche<\/p>\n","protected":false},"featured_media":1498,"template":"","meta":[],"product_cat":[67,33],"product_tag":[],"_links":{"self":[{"href":"https:\/\/protec-in.com\/index.php?rest_route=\/wp\/v2\/product\/1497"}],"collection":[{"href":"https:\/\/protec-in.com\/index.php?rest_route=\/wp\/v2\/product"}],"about":[{"href":"https:\/\/protec-in.com\/index.php?rest_route=\/wp\/v2\/types\/product"}],"wp:featuredmedia":[{"embeddable":true,"href":"https:\/\/protec-in.com\/index.php?rest_route=\/wp\/v2\/media\/1498"}],"wp:attachment":[{"href":"https:\/\/protec-in.com\/index.php?rest_route=%2Fwp%2Fv2%2Fmedia&parent=1497"}],"wp:term":[{"taxonomy":"product_cat","embeddable":true,"href":"https:\/\/protec-in.com\/index.php?rest_route=%2Fwp%2Fv2%2Fproduct_cat&post=1497"},{"taxonomy":"product_tag","embeddable":true,"href":"https:\/\/protec-in.com\/index.php?rest_route=%2Fwp%2Fv2%2Fproduct_tag&post=1497"}],"curies":[{"name":"wp","href":"https:\/\/api.w.org\/{rel}","templated":true}]}}