{"id":1518,"date":"2020-09-08T15:34:19","date_gmt":"2020-09-08T13:34:19","guid":{"rendered":"http:\/\/protec-in.com\/?post_type=product&#038;p=1518"},"modified":"2020-09-08T15:34:20","modified_gmt":"2020-09-08T13:34:20","slug":"declancheur-manuel","status":"publish","type":"product","link":"https:\/\/protec-in.com\/?product=declancheur-manuel","title":{"rendered":"D\u00e9clancheur manuel"},"content":{"rendered":"","protected":false},"excerpt":{"rendered":"<p>Bo\u00eetier Bris de Glace BBG avec Reset \u00e0 Clef ou Verres cassables \u00e9tanche IP67<\/p>\n","protected":false},"featured_media":1519,"template":"","meta":[],"product_cat":[67,33],"product_tag":[],"_links":{"self":[{"href":"https:\/\/protec-in.com\/index.php?rest_route=\/wp\/v2\/product\/1518"}],"collection":[{"href":"https:\/\/protec-in.com\/index.php?rest_route=\/wp\/v2\/product"}],"about":[{"href":"https:\/\/protec-in.com\/index.php?rest_route=\/wp\/v2\/types\/product"}],"wp:featuredmedia":[{"embeddable":true,"href":"https:\/\/protec-in.com\/index.php?rest_route=\/wp\/v2\/media\/1519"}],"wp:attachment":[{"href":"https:\/\/protec-in.com\/index.php?rest_route=%2Fwp%2Fv2%2Fmedia&parent=1518"}],"wp:term":[{"taxonomy":"product_cat","embeddable":true,"href":"https:\/\/protec-in.com\/index.php?rest_route=%2Fwp%2Fv2%2Fproduct_cat&post=1518"},{"taxonomy":"product_tag","embeddable":true,"href":"https:\/\/protec-in.com\/index.php?rest_route=%2Fwp%2Fv2%2Fproduct_tag&post=1518"}],"curies":[{"name":"wp","href":"https:\/\/api.w.org\/{rel}","templated":true}]}}