{"id":1520,"date":"2020-09-08T15:35:14","date_gmt":"2020-09-08T13:35:14","guid":{"rendered":"http:\/\/protec-in.com\/?post_type=product&#038;p=1520"},"modified":"2020-09-08T15:35:14","modified_gmt":"2020-09-08T13:35:14","slug":"declancheur-manuel-2","status":"publish","type":"product","link":"https:\/\/protec-in.com\/?product=declancheur-manuel-2","title":{"rendered":"D\u00e9clancheur manuel"},"content":{"rendered":"","protected":false},"excerpt":{"rendered":"<p>Bo\u00eetier Bris de Glace BBG avec Reset \u00e0 Clef ou Verres cassables<\/p>\n","protected":false},"featured_media":1521,"template":"","meta":[],"product_cat":[67,33],"product_tag":[],"_links":{"self":[{"href":"https:\/\/protec-in.com\/index.php?rest_route=\/wp\/v2\/product\/1520"}],"collection":[{"href":"https:\/\/protec-in.com\/index.php?rest_route=\/wp\/v2\/product"}],"about":[{"href":"https:\/\/protec-in.com\/index.php?rest_route=\/wp\/v2\/types\/product"}],"wp:featuredmedia":[{"embeddable":true,"href":"https:\/\/protec-in.com\/index.php?rest_route=\/wp\/v2\/media\/1521"}],"wp:attachment":[{"href":"https:\/\/protec-in.com\/index.php?rest_route=%2Fwp%2Fv2%2Fmedia&parent=1520"}],"wp:term":[{"taxonomy":"product_cat","embeddable":true,"href":"https:\/\/protec-in.com\/index.php?rest_route=%2Fwp%2Fv2%2Fproduct_cat&post=1520"},{"taxonomy":"product_tag","embeddable":true,"href":"https:\/\/protec-in.com\/index.php?rest_route=%2Fwp%2Fv2%2Fproduct_tag&post=1520"}],"curies":[{"name":"wp","href":"https:\/\/api.w.org\/{rel}","templated":true}]}}