{"id":1547,"date":"2020-09-08T16:38:12","date_gmt":"2020-09-08T14:38:12","guid":{"rendered":"http:\/\/protec-in.com\/?post_type=product&#038;p=1547"},"modified":"2020-09-08T16:38:12","modified_gmt":"2020-09-08T14:38:12","slug":"repeteur-detection-incendie-2","status":"publish","type":"product","link":"https:\/\/protec-in.com\/?product=repeteur-detection-incendie-2","title":{"rendered":"R\u00e9p\u00e9teur d\u00e9tection incendie"},"content":{"rendered":"","protected":false},"excerpt":{"rendered":"<p>R\u00e9p\u00e9teur d\u00e9tection incendie R\u00e9p\u00e9teur 12 Zones, Contr\u00f4le complet<\/p>\n","protected":false},"featured_media":1546,"template":"","meta":[],"product_cat":[67,33],"product_tag":[],"_links":{"self":[{"href":"https:\/\/protec-in.com\/index.php?rest_route=\/wp\/v2\/product\/1547"}],"collection":[{"href":"https:\/\/protec-in.com\/index.php?rest_route=\/wp\/v2\/product"}],"about":[{"href":"https:\/\/protec-in.com\/index.php?rest_route=\/wp\/v2\/types\/product"}],"wp:featuredmedia":[{"embeddable":true,"href":"https:\/\/protec-in.com\/index.php?rest_route=\/wp\/v2\/media\/1546"}],"wp:attachment":[{"href":"https:\/\/protec-in.com\/index.php?rest_route=%2Fwp%2Fv2%2Fmedia&parent=1547"}],"wp:term":[{"taxonomy":"product_cat","embeddable":true,"href":"https:\/\/protec-in.com\/index.php?rest_route=%2Fwp%2Fv2%2Fproduct_cat&post=1547"},{"taxonomy":"product_tag","embeddable":true,"href":"https:\/\/protec-in.com\/index.php?rest_route=%2Fwp%2Fv2%2Fproduct_tag&post=1547"}],"curies":[{"name":"wp","href":"https:\/\/api.w.org\/{rel}","templated":true}]}}