{"id":1762,"date":"2022-07-07T17:54:37","date_gmt":"2022-07-07T16:54:37","guid":{"rendered":"https:\/\/protec-in.com\/?post_type=product&#038;p=1762"},"modified":"2022-07-07T17:54:46","modified_gmt":"2022-07-07T16:54:46","slug":"enregistreur-video-numerique-penta-brid-1080p-a-32-canaux","status":"publish","type":"product","link":"https:\/\/protec-in.com\/?product=enregistreur-video-numerique-penta-brid-1080p-a-32-canaux","title":{"rendered":"Enregistreur vid\u00e9o num\u00e9rique Penta-brid 1080P \u00e0 32 canaux"},"content":{"rendered":"","protected":false},"excerpt":{"rendered":"<p>-Processeur embarqu\u00e9<br \/>\n-Compression vid\u00e9o double flux H.264+\/H.264<br \/>\n-Prise en charge des entr\u00e9es vid\u00e9o HDCVI\/AHD\/TVI\/CVBS\/IP<br \/>\n-Max 32 canaux d&rsquo;entr\u00e9es de cam\u00e9ra IP ; Bande passante entrante maximale de 128 Mbps<br \/>\n-Longue distance de transmission sur c\u00e2ble coaxial<br \/>\n-Prise en charge de 2 disques durs SATA, jusqu&rsquo;\u00e0 16 To<\/p>\n","protected":false},"featured_media":1763,"template":"","meta":[],"product_cat":[91,36],"product_tag":[],"_links":{"self":[{"href":"https:\/\/protec-in.com\/index.php?rest_route=\/wp\/v2\/product\/1762"}],"collection":[{"href":"https:\/\/protec-in.com\/index.php?rest_route=\/wp\/v2\/product"}],"about":[{"href":"https:\/\/protec-in.com\/index.php?rest_route=\/wp\/v2\/types\/product"}],"wp:featuredmedia":[{"embeddable":true,"href":"https:\/\/protec-in.com\/index.php?rest_route=\/wp\/v2\/media\/1763"}],"wp:attachment":[{"href":"https:\/\/protec-in.com\/index.php?rest_route=%2Fwp%2Fv2%2Fmedia&parent=1762"}],"wp:term":[{"taxonomy":"product_cat","embeddable":true,"href":"https:\/\/protec-in.com\/index.php?rest_route=%2Fwp%2Fv2%2Fproduct_cat&post=1762"},{"taxonomy":"product_tag","embeddable":true,"href":"https:\/\/protec-in.com\/index.php?rest_route=%2Fwp%2Fv2%2Fproduct_tag&post=1762"}],"curies":[{"name":"wp","href":"https:\/\/api.w.org\/{rel}","templated":true}]}}