{"id":1781,"date":"2022-07-07T19:58:32","date_gmt":"2022-07-07T18:58:32","guid":{"rendered":"https:\/\/protec-in.com\/?post_type=product&#038;p=1781"},"modified":"2022-07-12T15:16:29","modified_gmt":"2022-07-12T14:16:29","slug":"camera-tourelle-fixe-audio-5-mp","status":"publish","type":"product","link":"https:\/\/protec-in.com\/?product=camera-tourelle-fixe-audio-5-mp","title":{"rendered":"Cam\u00e9ra tourelle fixe audio 5 MP"},"content":{"rendered":"","protected":false},"excerpt":{"rendered":"<p>Cam\u00e9ra tourelle fixe audio 5 MP<br \/>\nCam\u00e9ra audio coaxiale 5 MP<br \/>\nS\u00e9curit\u00e9 renforc\u00e9e avec microphone int\u00e9gr\u00e9 discret et \u00e9conomique<br \/>\nTransmission audio sur c\u00e2ble coaxial<br \/>\nEXIR 2.0 : technologie infrarouge avanc\u00e9e avec une distance IR de 30 m<br \/>\nR\u00e9sistant \u00e0 l&rsquo;eau et \u00e0 la poussi\u00e8re (IP67)<br \/>\n4 en 1 (4 signaux commutables TVI\/AHD\/CVI\/CVBS)<\/p>\n","protected":false},"featured_media":1805,"template":"","meta":[],"product_cat":[40,36],"product_tag":[],"_links":{"self":[{"href":"https:\/\/protec-in.com\/index.php?rest_route=\/wp\/v2\/product\/1781"}],"collection":[{"href":"https:\/\/protec-in.com\/index.php?rest_route=\/wp\/v2\/product"}],"about":[{"href":"https:\/\/protec-in.com\/index.php?rest_route=\/wp\/v2\/types\/product"}],"wp:featuredmedia":[{"embeddable":true,"href":"https:\/\/protec-in.com\/index.php?rest_route=\/wp\/v2\/media\/1805"}],"wp:attachment":[{"href":"https:\/\/protec-in.com\/index.php?rest_route=%2Fwp%2Fv2%2Fmedia&parent=1781"}],"wp:term":[{"taxonomy":"product_cat","embeddable":true,"href":"https:\/\/protec-in.com\/index.php?rest_route=%2Fwp%2Fv2%2Fproduct_cat&post=1781"},{"taxonomy":"product_tag","embeddable":true,"href":"https:\/\/protec-in.com\/index.php?rest_route=%2Fwp%2Fv2%2Fproduct_tag&post=1781"}],"curies":[{"name":"wp","href":"https:\/\/api.w.org\/{rel}","templated":true}]}}