{"id":1784,"date":"2022-07-07T20:03:03","date_gmt":"2022-07-07T19:03:03","guid":{"rendered":"https:\/\/protec-in.com\/?post_type=product&#038;p=1784"},"modified":"2022-07-12T16:54:11","modified_gmt":"2022-07-12T15:54:11","slug":"camera-tourelle-fixe-2-mp","status":"publish","type":"product","link":"https:\/\/protec-in.com\/?product=camera-tourelle-fixe-2-mp","title":{"rendered":"Cam\u00e9ra tourelle fixe 2 MP"},"content":{"rendered":"","protected":false},"excerpt":{"rendered":"<p>Cam\u00e9ra tourelle fixe 2 MP<br \/>\nCam\u00e9ra tourelle 2 MP<br \/>\nIR intelligent : jusqu&rsquo;\u00e0 25 m de distance IR<br \/>\nR\u00e9sistant \u00e0 l&rsquo;eau et \u00e0 la poussi\u00e8re (IP67)<br \/>\n4 en 1 (4 signaux commutables TVI\/AHD\/CVI\/CVBS)<\/p>\n","protected":false},"featured_media":1822,"template":"","meta":[],"product_cat":[40,36],"product_tag":[],"_links":{"self":[{"href":"https:\/\/protec-in.com\/index.php?rest_route=\/wp\/v2\/product\/1784"}],"collection":[{"href":"https:\/\/protec-in.com\/index.php?rest_route=\/wp\/v2\/product"}],"about":[{"href":"https:\/\/protec-in.com\/index.php?rest_route=\/wp\/v2\/types\/product"}],"wp:featuredmedia":[{"embeddable":true,"href":"https:\/\/protec-in.com\/index.php?rest_route=\/wp\/v2\/media\/1822"}],"wp:attachment":[{"href":"https:\/\/protec-in.com\/index.php?rest_route=%2Fwp%2Fv2%2Fmedia&parent=1784"}],"wp:term":[{"taxonomy":"product_cat","embeddable":true,"href":"https:\/\/protec-in.com\/index.php?rest_route=%2Fwp%2Fv2%2Fproduct_cat&post=1784"},{"taxonomy":"product_tag","embeddable":true,"href":"https:\/\/protec-in.com\/index.php?rest_route=%2Fwp%2Fv2%2Fproduct_tag&post=1784"}],"curies":[{"name":"wp","href":"https:\/\/api.w.org\/{rel}","templated":true}]}}