{"id":1821,"date":"2022-07-12T16:51:18","date_gmt":"2022-07-12T15:51:18","guid":{"rendered":"https:\/\/protec-in.com\/?post_type=product&#038;p=1821"},"modified":"2022-07-12T16:51:18","modified_gmt":"2022-07-12T15:51:18","slug":"camera-5mp-poc","status":"publish","type":"product","link":"https:\/\/protec-in.com\/?product=camera-5mp-poc","title":{"rendered":"Cam\u00e9ra 5MP POC"},"content":{"rendered":"","protected":false},"excerpt":{"rendered":"<p>&#8211; Cam\u00e9ra \u00e0 puces fixe 5MP POC<br \/>\n&#8211; Cam\u00e9ra \u00e0 puces de 5 MP<br \/>\n&#8211; Exir 2.0: technologie infrarouge avanc\u00e9e avec une distance de 40 m ir<br \/>\n&#8211; R\u00e9sistant \u00e0 l&rsquo;eau et \u00e0 la poussi\u00e8re (IP67)<br \/>\n&#8211; Transmet \u00e0 la fois la vid\u00e9o HD et l&rsquo;alimentation sur le m\u00eame c\u00e2ble coaxial<\/p>\n","protected":false},"featured_media":1810,"template":"","meta":[],"product_cat":[40,36],"product_tag":[],"_links":{"self":[{"href":"https:\/\/protec-in.com\/index.php?rest_route=\/wp\/v2\/product\/1821"}],"collection":[{"href":"https:\/\/protec-in.com\/index.php?rest_route=\/wp\/v2\/product"}],"about":[{"href":"https:\/\/protec-in.com\/index.php?rest_route=\/wp\/v2\/types\/product"}],"wp:featuredmedia":[{"embeddable":true,"href":"https:\/\/protec-in.com\/index.php?rest_route=\/wp\/v2\/media\/1810"}],"wp:attachment":[{"href":"https:\/\/protec-in.com\/index.php?rest_route=%2Fwp%2Fv2%2Fmedia&parent=1821"}],"wp:term":[{"taxonomy":"product_cat","embeddable":true,"href":"https:\/\/protec-in.com\/index.php?rest_route=%2Fwp%2Fv2%2Fproduct_cat&post=1821"},{"taxonomy":"product_tag","embeddable":true,"href":"https:\/\/protec-in.com\/index.php?rest_route=%2Fwp%2Fv2%2Fproduct_tag&post=1821"}],"curies":[{"name":"wp","href":"https:\/\/api.w.org\/{rel}","templated":true}]}}